{"id":28265,"date":"2022-09-20T19:22:46","date_gmt":"2022-09-20T17:22:46","guid":{"rendered":"https:\/\/biznesiekologia.com\/experts-view\/"},"modified":"2022-09-20T19:22:46","modified_gmt":"2022-09-20T17:22:46","slug":"experts-view","status":"publish","type":"page","link":"https:\/\/biznesiekologia.com\/en\/experts-view\/","title":{"rendered":"EXPERT&#8217;S VIEW"},"content":{"rendered":"<div class=\"fusion-fullwidth fullwidth-box fusion-builder-row-1 fusion-flex-container nonhundred-percent-fullwidth non-hundred-percent-height-scrolling\" style=\"--awb-border-radius-top-left:0px;--awb-border-radius-top-right:0px;--awb-border-radius-bottom-right:0px;--awb-border-radius-bottom-left:0px;--awb-flex-wrap:wrap;\" ><div class=\"fusion-builder-row fusion-row fusion-flex-align-items-flex-start fusion-flex-content-wrap\" style=\"max-width:1300px;margin-left: calc(-4% \/ 2 );margin-right: calc(-4% \/ 2 );\"><div class=\"fusion-layout-column fusion_builder_column fusion-builder-column-0 fusion_builder_column_1_1 1_1 fusion-flex-column\" style=\"--awb-bg-size:cover;--awb-width-large:100%;--awb-margin-top-large:0px;--awb-spacing-right-large:1.92%;--awb-margin-bottom-large:20px;--awb-spacing-left-large:1.92%;--awb-width-medium:100%;--awb-order-medium:0;--awb-spacing-right-medium:1.92%;--awb-spacing-left-medium:1.92%;--awb-width-small:100%;--awb-order-small:0;--awb-spacing-right-small:1.92%;--awb-spacing-left-small:1.92%;\"><div class=\"fusion-column-wrapper fusion-column-has-shadow fusion-flex-justify-content-flex-start fusion-content-layout-column\"><div class=\"fusion-recent-posts fusion-recent-posts-1 avada-container layout-default layout-columns-3\"><section class=\"fusion-columns columns fusion-columns-3 columns-3\"><article class=\"post fusion-column column col col-lg-4 col-md-4 col-sm-4\"><div class=\"fusion-flexslider fusion-flexslider-loading flexslider flexslider-hover-type-none\"><ul class=\"slides\"><li><a href=\"https:\/\/biznesiekologia.com\/en\/the-vita-framework-reimagining-sustainable-development-through-the-oir-consortium-model\/\" aria-label=\"The VITA Framework: Reimagining Sustainable Development through the OIR Consortium Model\" class=\"hover-type-none\"><img decoding=\"async\" width=\"700\" height=\"441\" src=\"https:\/\/biznesiekologia.com\/wp-content\/uploads\/2025\/06\/173de6d4-a1c2-480a-adbc-52eeee459014-700x441.jpg\" class=\"attachment-recent-posts size-recent-posts\" alt=\"\" srcset=\"https:\/\/biznesiekologia.com\/wp-content\/uploads\/2025\/06\/173de6d4-a1c2-480a-adbc-52eeee459014-320x202.jpg 320w, https:\/\/biznesiekologia.com\/wp-content\/uploads\/2025\/06\/173de6d4-a1c2-480a-adbc-52eeee459014-700x441.jpg 700w\" sizes=\"(max-width: 700px) 100vw, 700px\" \/><\/a><\/li><\/ul><\/div><div class=\"recent-posts-content\"><span class=\"vcard\" style=\"display: none;\"><span class=\"fn\"><a href=\"https:\/\/biznesiekologia.com\/en\/author\/redakcja2026\/\" title=\"Posts by Redakcja2026\" rel=\"author\">Redakcja2026<\/a><\/span><\/span><span class=\"updated\" style=\"display:none;\">2025-06-04T12:58:07+02:00<\/span><h4 class=\"entry-title\"><a href=\"https:\/\/biznesiekologia.com\/en\/the-vita-framework-reimagining-sustainable-development-through-the-oir-consortium-model\/\">The VITA Framework: Reimagining Sustainable Development through the OIR Consortium Model<\/a><\/h4><p> Model VITA\u2013OIR: nowa koncepcja rozwoju opartego na warto\u015bciach, zaufaniu i lokalnym kontek\u015bcie Tradycyjne projekty rozwojowe cz\u0119sto zawodz\u0105, poniewa\u017c ignoruj\u0105 realne potrzeby spo\u0142eczno\u015bci i dzia\u0142aj\u0105 w oderwaniu od ich codziennych do\u015bwiadcze\u0144. Artyku\u0142 przedstawia ram\u0119 VITA [...]<\/p><\/div><\/article><\/section><\/div><\/div><\/div><\/div><\/div>\n","protected":false},"excerpt":{"rendered":"","protected":false},"author":3,"featured_media":0,"parent":0,"menu_order":0,"comment_status":"closed","ping_status":"closed","template":"100-width.php","meta":{"footnotes":""},"class_list":["post-28265","page","type-page","status-publish","hentry"],"yoast_head":"<!-- This site is optimized with the Yoast SEO plugin v27.0 - https:\/\/yoast.com\/product\/yoast-seo-wordpress\/ -->\n<title>EXPERT&#039;S VIEW | Magazyn biznes&amp;EKOLOGIA<\/title>\n<meta name=\"robots\" content=\"index, follow, max-snippet:-1, max-image-preview:large, max-video-preview:-1\" \/>\n<link rel=\"canonical\" href=\"https:\/\/biznesiekologia.com\/experts-view\/\" \/>\n<meta property=\"og:locale\" content=\"en_US\" \/>\n<meta property=\"og:type\" content=\"article\" \/>\n<meta property=\"og:title\" content=\"EXPERT&#039;S VIEW | Magazyn biznes&amp;EKOLOGIA\" \/>\n<meta property=\"og:url\" content=\"https:\/\/biznesiekologia.com\/experts-view\/\" \/>\n<meta property=\"og:site_name\" content=\"Magazyn biznes&amp;EKOLOGIA\" \/>\n<meta property=\"article:publisher\" content=\"https:\/\/www.facebook.com\/Magazyn-Biznes-i-Ekologia-110535823705290\" \/>\n<meta name=\"twitter:card\" content=\"summary_large_image\" \/>\n<meta name=\"twitter:label1\" content=\"Est. reading time\" \/>\n\t<meta name=\"twitter:data1\" content=\"3 minutes\" \/>\n<script type=\"application\/ld+json\" class=\"yoast-schema-graph\">{\"@context\":\"https:\/\/schema.org\",\"@graph\":[{\"@type\":\"WebPage\",\"@id\":\"https:\/\/biznesiekologia.com\/experts-view\/\",\"url\":\"https:\/\/biznesiekologia.com\/experts-view\/\",\"name\":\"EXPERT'S VIEW | Magazyn biznes&amp;EKOLOGIA\",\"isPartOf\":{\"@id\":\"https:\/\/biznesiekologia.com\/#website\"},\"datePublished\":\"2022-09-20T17:22:46+00:00\",\"breadcrumb\":{\"@id\":\"https:\/\/biznesiekologia.com\/experts-view\/#breadcrumb\"},\"inLanguage\":\"en-US\",\"potentialAction\":[{\"@type\":\"ReadAction\",\"target\":[\"https:\/\/biznesiekologia.com\/experts-view\/\"]}]},{\"@type\":\"BreadcrumbList\",\"@id\":\"https:\/\/biznesiekologia.com\/experts-view\/#breadcrumb\",\"itemListElement\":[{\"@type\":\"ListItem\",\"position\":1,\"name\":\"Strona g\u0142\u00f3wna\",\"item\":\"https:\/\/biznesiekologia.com\/en\/home\/\"},{\"@type\":\"ListItem\",\"position\":2,\"name\":\"EXPERT&#8217;S VIEW\"}]},{\"@type\":\"WebSite\",\"@id\":\"https:\/\/biznesiekologia.com\/#website\",\"url\":\"https:\/\/biznesiekologia.com\/\",\"name\":\"Magazyn biznes&amp;EKOLOGIA\",\"description\":\"TARGI | KONFERENCJE | INNOWACJE | ANALIZY | WYWIADY | OPINIE | REPORTA\u017bE\",\"publisher\":{\"@id\":\"https:\/\/biznesiekologia.com\/#organization\"},\"potentialAction\":[{\"@type\":\"SearchAction\",\"target\":{\"@type\":\"EntryPoint\",\"urlTemplate\":\"https:\/\/biznesiekologia.com\/?s={search_term_string}\"},\"query-input\":{\"@type\":\"PropertyValueSpecification\",\"valueRequired\":true,\"valueName\":\"search_term_string\"}}],\"inLanguage\":\"en-US\"},{\"@type\":\"Organization\",\"@id\":\"https:\/\/biznesiekologia.com\/#organization\",\"name\":\"biznes & EKOLOGIA\",\"url\":\"https:\/\/biznesiekologia.com\/\",\"logo\":{\"@type\":\"ImageObject\",\"inLanguage\":\"en-US\",\"@id\":\"https:\/\/biznesiekologia.com\/#\/schema\/logo\/image\/\",\"url\":\"https:\/\/biznesiekologia.com\/wp-content\/uploads\/2021\/12\/BiE_logo.png\",\"contentUrl\":\"https:\/\/biznesiekologia.com\/wp-content\/uploads\/2021\/12\/BiE_logo.png\",\"width\":3808,\"height\":1996,\"caption\":\"biznes & EKOLOGIA\"},\"image\":{\"@id\":\"https:\/\/biznesiekologia.com\/#\/schema\/logo\/image\/\"},\"sameAs\":[\"https:\/\/www.facebook.com\/Magazyn-Biznes-i-Ekologia-110535823705290\"]}]}<\/script>\n<!-- \/ Yoast SEO plugin. -->","yoast_head_json":{"title":"EXPERT'S VIEW | Magazyn biznes&amp;EKOLOGIA","robots":{"index":"index","follow":"follow","max-snippet":"max-snippet:-1","max-image-preview":"max-image-preview:large","max-video-preview":"max-video-preview:-1"},"canonical":"https:\/\/biznesiekologia.com\/experts-view\/","og_locale":"en_US","og_type":"article","og_title":"EXPERT'S VIEW | Magazyn biznes&amp;EKOLOGIA","og_url":"https:\/\/biznesiekologia.com\/experts-view\/","og_site_name":"Magazyn biznes&amp;EKOLOGIA","article_publisher":"https:\/\/www.facebook.com\/Magazyn-Biznes-i-Ekologia-110535823705290","twitter_card":"summary_large_image","twitter_misc":{"Est. reading time":"3 minutes"},"schema":{"@context":"https:\/\/schema.org","@graph":[{"@type":"WebPage","@id":"https:\/\/biznesiekologia.com\/experts-view\/","url":"https:\/\/biznesiekologia.com\/experts-view\/","name":"EXPERT'S VIEW | Magazyn biznes&amp;EKOLOGIA","isPartOf":{"@id":"https:\/\/biznesiekologia.com\/#website"},"datePublished":"2022-09-20T17:22:46+00:00","breadcrumb":{"@id":"https:\/\/biznesiekologia.com\/experts-view\/#breadcrumb"},"inLanguage":"en-US","potentialAction":[{"@type":"ReadAction","target":["https:\/\/biznesiekologia.com\/experts-view\/"]}]},{"@type":"BreadcrumbList","@id":"https:\/\/biznesiekologia.com\/experts-view\/#breadcrumb","itemListElement":[{"@type":"ListItem","position":1,"name":"Strona g\u0142\u00f3wna","item":"https:\/\/biznesiekologia.com\/en\/home\/"},{"@type":"ListItem","position":2,"name":"EXPERT&#8217;S VIEW"}]},{"@type":"WebSite","@id":"https:\/\/biznesiekologia.com\/#website","url":"https:\/\/biznesiekologia.com\/","name":"Magazyn biznes&amp;EKOLOGIA","description":"TARGI | KONFERENCJE | INNOWACJE | ANALIZY | WYWIADY | OPINIE | REPORTA\u017bE","publisher":{"@id":"https:\/\/biznesiekologia.com\/#organization"},"potentialAction":[{"@type":"SearchAction","target":{"@type":"EntryPoint","urlTemplate":"https:\/\/biznesiekologia.com\/?s={search_term_string}"},"query-input":{"@type":"PropertyValueSpecification","valueRequired":true,"valueName":"search_term_string"}}],"inLanguage":"en-US"},{"@type":"Organization","@id":"https:\/\/biznesiekologia.com\/#organization","name":"biznes & EKOLOGIA","url":"https:\/\/biznesiekologia.com\/","logo":{"@type":"ImageObject","inLanguage":"en-US","@id":"https:\/\/biznesiekologia.com\/#\/schema\/logo\/image\/","url":"https:\/\/biznesiekologia.com\/wp-content\/uploads\/2021\/12\/BiE_logo.png","contentUrl":"https:\/\/biznesiekologia.com\/wp-content\/uploads\/2021\/12\/BiE_logo.png","width":3808,"height":1996,"caption":"biznes & EKOLOGIA"},"image":{"@id":"https:\/\/biznesiekologia.com\/#\/schema\/logo\/image\/"},"sameAs":["https:\/\/www.facebook.com\/Magazyn-Biznes-i-Ekologia-110535823705290"]}]}},"_links":{"self":[{"href":"https:\/\/biznesiekologia.com\/en\/wp-json\/wp\/v2\/pages\/28265","targetHints":{"allow":["GET"]}}],"collection":[{"href":"https:\/\/biznesiekologia.com\/en\/wp-json\/wp\/v2\/pages"}],"about":[{"href":"https:\/\/biznesiekologia.com\/en\/wp-json\/wp\/v2\/types\/page"}],"author":[{"embeddable":true,"href":"https:\/\/biznesiekologia.com\/en\/wp-json\/wp\/v2\/users\/3"}],"replies":[{"embeddable":true,"href":"https:\/\/biznesiekologia.com\/en\/wp-json\/wp\/v2\/comments?post=28265"}],"version-history":[{"count":0,"href":"https:\/\/biznesiekologia.com\/en\/wp-json\/wp\/v2\/pages\/28265\/revisions"}],"wp:attachment":[{"href":"https:\/\/biznesiekologia.com\/en\/wp-json\/wp\/v2\/media?parent=28265"}],"curies":[{"name":"wp","href":"https:\/\/api.w.org\/{rel}","templated":true}]}}